{"id":85,"date":"2016-08-13T04:41:28","date_gmt":"2016-08-13T04:41:28","guid":{"rendered":"http:\/\/www.iturbeabogados.com.ar\/web\/?page_id=85"},"modified":"2025-03-14T13:11:49","modified_gmt":"2025-03-14T13:11:49","slug":"areas-de-trabajo","status":"publish","type":"page","link":"https:\/\/www.iturbeabogados.com.ar\/web\/areas-de-trabajo\/","title":{"rendered":"\u00c1reas de trabajo"},"content":{"rendered":"\n  <div class=\"banner has-hover has-parallax\" id=\"banner-2090280060\">\n          <div class=\"banner-inner fill\">\n        <div class=\"banner-bg fill\" data-parallax=\"-6\" data-parallax-container=\".banner\" data-parallax-background>\n            <img loading=\"lazy\" decoding=\"async\" width=\"1599\" height=\"1064\" src=\"https:\/\/www.iturbeabogados.com.ar\/web\/wp-content\/uploads\/2025\/03\/DSC_0545-X3.jpg\" class=\"bg attachment-original size-original\" alt=\"\" \/>                        <div class=\"overlay\"><\/div>            \n                    <\/div>\n\t\t\n        <div class=\"banner-layers container\">\n            <div class=\"fill banner-link\"><\/div>            \n   <div id=\"text-box-990246125\" class=\"text-box banner-layer x50 md-x50 lg-x50 y90 md-y90 lg-y90 res-text\">\n                                <div class=\"text-box-content text dark\">\n              \n              <div class=\"text-inner text-center\">\n                  \n<h1><strong>\u00c1reas de trabajo<br \/>\n<\/strong><\/h1>\n              <\/div>\n           <\/div>\n                            \n<style>\n#text-box-990246125 {\n  width: 60%;\n}\n#text-box-990246125 .text-box-content {\n  font-size: 100%;\n}\n<\/style>\n    <\/div>\n \n        <\/div>\n      <\/div>\n\n            \n<style>\n#banner-2090280060 {\n  padding-top: 350px;\n}\n#banner-2090280060 .overlay {\n  background-color: rgba(6, 31, 81, 0.506);\n}\n#banner-2090280060 .banner-bg img {\n  object-position: 40% 31%;\n}\n@media (min-width:550px) {\n  #banner-2090280060 {\n    padding-top: 600px;\n  }\n}\n<\/style>\n  <\/div>\n\n\n\n\t<section class=\"section\" id=\"section_517433627\">\n\t\t<div class=\"section-bg fill\" >\n\t\t\t\t\t\t\t\t\t\n\t\t\t\n\n\t\t<\/div>\n\n\t\t\n\n\t\t<div class=\"section-content relative\">\n\t\t\t\n<div class=\"row\"  id=\"row-953802511\">\n\n\t<div id=\"col-1115589739\" class=\"col medium-6 small-12 large-6\"  >\n\t\t\t\t<div class=\"col-inner\"  >\n\t\t\t\n\t\t\t\n<div class=\"accordion\">\n\t<div id=\"accordion-434846505\" class=\"accordion-item\">\n\t\t<a id=\"accordion-434846505-label\" class=\"accordion-title plain\" href=\"#accordion-item-asistencia-judicial-en-litigios\" aria-expanded=\"false\" aria-controls=\"accordion-434846505-content\" >\n\t\t\t<button class=\"toggle\" aria-label=\"Toggle\"><i class=\"icon-angle-down\"><\/i><\/button>\n\t\t\t<span>Asistencia judicial en litigios<\/span>\n\t\t<\/a>\n\t\t<div id=\"accordion-434846505-content\" class=\"accordion-inner\" aria-labelledby=\"accordion-434846505-label\" >\n\t\t\t\n<p>Atenci\u00f3n y representaci\u00f3n en asuntos jur\u00eddicos con competencia civil, comercial, administrativa y laboral, ya sea en jurisdicci\u00f3n federal, nacional o provincial.<\/p>\n\t\t<\/div>\n\t<\/div>\n\t\n\t<div id=\"accordion-1942971510\" class=\"accordion-item\">\n\t\t<a id=\"accordion-1942971510-label\" class=\"accordion-title plain\" href=\"#accordion-item-derecho-civil-y-comercial\" aria-expanded=\"false\" aria-controls=\"accordion-1942971510-content\" >\n\t\t\t<button class=\"toggle\" aria-label=\"Toggle\"><i class=\"icon-angle-down\"><\/i><\/button>\n\t\t\t<span>Derecho civil y comercial<\/span>\n\t\t<\/a>\n\t\t<div id=\"accordion-1942971510-content\" class=\"accordion-inner\" aria-labelledby=\"accordion-1942971510-label\" >\n\t\t\t\n<p>Asesoramiento en todas las ramas del Derecho Civil y Comercial, incluyendo cuestiones corporativas, concursos, quiebras, liquidaciones administrativas, etc. Derecho del MERCOSUR. Contratos y Negociaciones internacionales.<\/p>\n\t\t<\/div>\n\t<\/div>\n\t\n\t<div id=\"accordion-3543759855\" class=\"accordion-item\">\n\t\t<a id=\"accordion-3543759855-label\" class=\"accordion-title plain\" href=\"#accordion-item-derecho-laboral-y-previsional\" aria-expanded=\"false\" aria-controls=\"accordion-3543759855-content\" >\n\t\t\t<button class=\"toggle\" aria-label=\"Toggle\"><i class=\"icon-angle-down\"><\/i><\/button>\n\t\t\t<span>Derecho laboral y previsional<\/span>\n\t\t<\/a>\n\t\t<div id=\"accordion-3543759855-content\" class=\"accordion-inner\" aria-labelledby=\"accordion-3543759855-label\" >\n\t\t\t\n<p>Asesoramiento en las relaciones laborales de las empresas, cuestiones prejudiciales y representaci\u00f3n judicial, abarcando el derecho individual y colectivo del trabajo en todas sus especies.<\/p>\n\t\t<\/div>\n\t<\/div>\n\t\n\t<div id=\"accordion-451243741\" class=\"accordion-item\">\n\t\t<a id=\"accordion-451243741-label\" class=\"accordion-title plain\" href=\"#accordion-item-derecho-administrativo\" aria-expanded=\"false\" aria-controls=\"accordion-451243741-content\" >\n\t\t\t<button class=\"toggle\" aria-label=\"Toggle\"><i class=\"icon-angle-down\"><\/i><\/button>\n\t\t\t<span>Derecho administrativo<\/span>\n\t\t<\/a>\n\t\t<div id=\"accordion-451243741-content\" class=\"accordion-inner\" aria-labelledby=\"accordion-451243741-label\" >\n\t\t\t\n<p>Asesoramiento y representaci\u00f3n en asuntos administrativos y de orden administrativo estatal, nacional, provincial y municipal, como contratos con empresas y oficinas p\u00fablicas, licitaciones nacionales e internacionales, etc.<\/p>\n\t\t<\/div>\n\t<\/div>\n\t\n\t<div id=\"accordion-1117881747\" class=\"accordion-item\">\n\t\t<a id=\"accordion-1117881747-label\" class=\"accordion-title plain\" href=\"#accordion-item-derecho-constitucional,-asuntos-p\u00fablico-e-institucionales\" aria-expanded=\"false\" aria-controls=\"accordion-1117881747-content\" >\n\t\t\t<button class=\"toggle\" aria-label=\"Toggle\"><i class=\"icon-angle-down\"><\/i><\/button>\n\t\t\t<span>Derecho constitucional, asuntos p\u00fablico e institucionales<\/span>\n\t\t<\/a>\n\t\t<div id=\"accordion-1117881747-content\" class=\"accordion-inner\" aria-labelledby=\"accordion-1117881747-label\" >\n\t\t\t\n<p>Entendimiento del contexto pol\u00edtico-institucional en los emprendimientos empresariales y comerciales. La relaci\u00f3n con los diferentes actores socio-pol\u00edticos y econ\u00f3micos en donde estos se desarrollan. El contexto internacional y los aspectos diplom\u00e1ticos y consulares.<br \/>\nLa presentaci\u00f3n institucional de los negocios como herramienta de \u00e9xito en el mundo de la imagen y la comunicaci\u00f3n corporativa y relacional. Elaboraci\u00f3n y desarollo de estrategias en cuestiones a resolverse ante la Corte Suprema de Justicia de la Naci\u00f3n. Tribunales Superiores del interior o Internacionales.<\/p>\n\t\t<\/div>\n\t<\/div>\n\t\n\t<div id=\"accordion-3960255461\" class=\"accordion-item\">\n\t\t<a id=\"accordion-3960255461-label\" class=\"accordion-title plain\" href=\"#accordion-item-derecho-ambiental\" aria-expanded=\"false\" aria-controls=\"accordion-3960255461-content\" >\n\t\t\t<button class=\"toggle\" aria-label=\"Toggle\"><i class=\"icon-angle-down\"><\/i><\/button>\n\t\t\t<span>Derecho ambiental<\/span>\n\t\t<\/a>\n\t\t<div id=\"accordion-3960255461-content\" class=\"accordion-inner\" aria-labelledby=\"accordion-3960255461-label\" >\n\t\t\t\n<p>Asesoramiento y representaci\u00f3n en asuntos derivados de la contaminaci\u00f3n ambiental y sus nocivas proyecciones sobre la vida y la salud de las personas, tanto en reclamos para la reparaci\u00f3n de los da\u00f1os y perjuicios ocasionados que sean de incidencia colectiva, como en los bienes de los particulares.<\/p>\n\t\t<\/div>\n\t<\/div>\n\t\n\t<div id=\"accordion-1337380323\" class=\"accordion-item\">\n\t\t<a id=\"accordion-1337380323-label\" class=\"accordion-title plain\" href=\"#accordion-item-derecho-societario,-fusiones-y-adquisiciones\" aria-expanded=\"false\" aria-controls=\"accordion-1337380323-content\" >\n\t\t\t<button class=\"toggle\" aria-label=\"Toggle\"><i class=\"icon-angle-down\"><\/i><\/button>\n\t\t\t<span>Derecho societario, fusiones y adquisiciones<\/span>\n\t\t<\/a>\n\t\t<div id=\"accordion-1337380323-content\" class=\"accordion-inner\" aria-labelledby=\"accordion-1337380323-label\" >\n\t\t\t\n<p>Asesoramiento en la estructuraci\u00f3n legal de inversiones extranjeras y registro de sociedades for\u00e1neas para el ejercicio de su actividad comercial en el pa\u00eds. Constituci\u00f3n de sociedades, uniones transitorais de empresas y otras formas de colaboraci\u00f3n empresaria.<\/p>\n\t\t<\/div>\n\t<\/div>\n\t\n<\/div>\n\t\t<\/div>\n\t\t\t\t\t<\/div>\n\n\t\n\n\t<div id=\"col-541362120\" class=\"col medium-6 small-12 large-6\"  >\n\t\t\t\t<div class=\"col-inner\"  >\n\t\t\t\n\t\t\t\n<div class=\"accordion\">\n\t<div id=\"accordion-2293113906\" class=\"accordion-item\">\n\t\t<a id=\"accordion-2293113906-label\" class=\"accordion-title plain\" href=\"#accordion-item-derecho-bancario-y-financiero\" aria-expanded=\"false\" aria-controls=\"accordion-2293113906-content\" >\n\t\t\t<button class=\"toggle\" aria-label=\"Toggle\"><i class=\"icon-angle-down\"><\/i><\/button>\n\t\t\t<span>Derecho bancario y financiero<\/span>\n\t\t<\/a>\n\t\t<div id=\"accordion-2293113906-content\" class=\"accordion-inner\" aria-labelledby=\"accordion-2293113906-label\" >\n\t\t\t\n<p>Desarrollo de operaciones financieras, reestructuraci\u00f3n de pasivos financieros y deuda soberana. Asesoramiento sobre el cumplimiento de aspectos regulatorios de la actividad financiera y representaci\u00f3n ante el BCRA<\/p>\n\t\t<\/div>\n\t<\/div>\n\t\n\t<div id=\"accordion-2092429072\" class=\"accordion-item\">\n\t\t<a id=\"accordion-2092429072-label\" class=\"accordion-title plain\" href=\"#accordion-item-recupero-de-cr\u00e9ditos\" aria-expanded=\"false\" aria-controls=\"accordion-2092429072-content\" >\n\t\t\t<button class=\"toggle\" aria-label=\"Toggle\"><i class=\"icon-angle-down\"><\/i><\/button>\n\t\t\t<span>Recupero de cr\u00e9ditos<\/span>\n\t\t<\/a>\n\t\t<div id=\"accordion-2092429072-content\" class=\"accordion-inner\" aria-labelledby=\"accordion-2092429072-label\" >\n\t\t\t\n<p>Intervenci\u00f3n para el recupero de cr\u00e9ditos de origen financiero, bancario y comercial en general; su tratamiento extrajudicial y judicial.<\/p>\n\t\t<\/div>\n\t<\/div>\n\t\n\t<div id=\"accordion-1855377171\" class=\"accordion-item\">\n\t\t<a id=\"accordion-1855377171-label\" class=\"accordion-title plain\" href=\"#accordion-item-derecho-de-mercado\" aria-expanded=\"false\" aria-controls=\"accordion-1855377171-content\" >\n\t\t\t<button class=\"toggle\" aria-label=\"Toggle\"><i class=\"icon-angle-down\"><\/i><\/button>\n\t\t\t<span>Derecho de mercado<\/span>\n\t\t<\/a>\n\t\t<div id=\"accordion-1855377171-content\" class=\"accordion-inner\" aria-labelledby=\"accordion-1855377171-label\" >\n\t\t\t\n<p>Asesoramiento y representaci\u00f3n en cuestiones de Derecho de la Competencia y antimonopolio, dumping, Derecho del Consumidor.<\/p>\n\t\t<\/div>\n\t<\/div>\n\t\n\t<div id=\"accordion-1650157367\" class=\"accordion-item\">\n\t\t<a id=\"accordion-1650157367-label\" class=\"accordion-title plain\" href=\"#accordion-item-mercado-de-capitales-y-t\u00edtulos-valores\" aria-expanded=\"false\" aria-controls=\"accordion-1650157367-content\" >\n\t\t\t<button class=\"toggle\" aria-label=\"Toggle\"><i class=\"icon-angle-down\"><\/i><\/button>\n\t\t\t<span>Mercado de capitales y t\u00edtulos valores<\/span>\n\t\t<\/a>\n\t\t<div id=\"accordion-1650157367-content\" class=\"accordion-inner\" aria-labelledby=\"accordion-1650157367-label\" >\n\t\t\t\n<p>Asesoramiento para la oferta p\u00fablica de t\u00edtulos de deuda y acciones, colocaciones privadas de deuda y la estructuraci\u00f3n de fondos de inversi\u00f3n y otros instrumentos de financiamiento, tales como securitizaci\u00f3n de activos y fideicomisos financieros.<\/p>\n\t\t<\/div>\n\t<\/div>\n\t\n\t<div id=\"accordion-3942706498\" class=\"accordion-item\">\n\t\t<a id=\"accordion-3942706498-label\" class=\"accordion-title plain\" href=\"#accordion-item-derecho-penal\" aria-expanded=\"false\" aria-controls=\"accordion-3942706498-content\" >\n\t\t\t<button class=\"toggle\" aria-label=\"Toggle\"><i class=\"icon-angle-down\"><\/i><\/button>\n\t\t\t<span>Derecho penal<\/span>\n\t\t<\/a>\n\t\t<div id=\"accordion-3942706498-content\" class=\"accordion-inner\" aria-labelledby=\"accordion-3942706498-label\" >\n\t\t\t\n<p>Asesoramiento y elaboraci\u00f3n de estat\u00e9gias en materia penal relacioanda con negocios, en la Ciudad de Buenos Aires, en el interior y en el exterior del pa\u00eds.<\/p>\n\t\t<\/div>\n\t<\/div>\n\t\n\t<div id=\"accordion-2568398053\" class=\"accordion-item\">\n\t\t<a id=\"accordion-2568398053-label\" class=\"accordion-title plain\" href=\"#accordion-item-derecho-de-seguros\" aria-expanded=\"false\" aria-controls=\"accordion-2568398053-content\" >\n\t\t\t<button class=\"toggle\" aria-label=\"Toggle\"><i class=\"icon-angle-down\"><\/i><\/button>\n\t\t\t<span>Derecho de seguros<\/span>\n\t\t<\/a>\n\t\t<div id=\"accordion-2568398053-content\" class=\"accordion-inner\" aria-labelledby=\"accordion-2568398053-label\" >\n\t\t\t\n<p>Asesoramiento a entidades aseguradoras en sus relaciones con la Entidad de Control, reaseguradores, productores y asegurados. Siniestros. Atenci\u00f3n judicial de todos los conflictos derivados de esa actividad.<\/p>\n\t\t<\/div>\n\t<\/div>\n\t\n\t<div id=\"accordion-150785610\" class=\"accordion-item\">\n\t\t<a id=\"accordion-150785610-label\" class=\"accordion-title plain\" href=\"#accordion-item-derecho-societario,-fusiones-y-adquisiciones\" aria-expanded=\"false\" aria-controls=\"accordion-150785610-content\" >\n\t\t\t<button class=\"toggle\" aria-label=\"Toggle\"><i class=\"icon-angle-down\"><\/i><\/button>\n\t\t\t<span>Derecho societario, fusiones y adquisiciones<\/span>\n\t\t<\/a>\n\t\t<div id=\"accordion-150785610-content\" class=\"accordion-inner\" aria-labelledby=\"accordion-150785610-label\" >\n\t\t\t\n<p>Intervenci\u00f3n en cuestiones administrativas judiciales relativas al derecho aduanero, monopolio, r\u00e9gimen cambiario, balances falsos y fraudes alcomercio. Evasi\u00f3n Fiscal, clausuras y allanamientos.<\/p>\n\t\t<\/div>\n\t<\/div>\n\t\n\t<div id=\"accordion-3943640219\" class=\"accordion-item\">\n\t\t<a id=\"accordion-3943640219-label\" class=\"accordion-title plain\" href=\"#accordion-item-derecho-fiscal\" aria-expanded=\"false\" aria-controls=\"accordion-3943640219-content\" >\n\t\t\t<button class=\"toggle\" aria-label=\"Toggle\"><i class=\"icon-angle-down\"><\/i><\/button>\n\t\t\t<span>Derecho fiscal<\/span>\n\t\t<\/a>\n\t\t<div id=\"accordion-3943640219-content\" class=\"accordion-inner\" aria-labelledby=\"accordion-3943640219-label\" >\n\t\t\t\n<p>Defensa de los derechos del contribuyente mediante la interposici\u00f3n de Recursos Administrativos ante la AFIP-DGI y recursos ante el Tribunal Fiscal de la Naci\u00f3n.<\/p>\n\t\t<\/div>\n\t<\/div>\n\t\n<\/div>\n\t\t<\/div>\n\t\t\t\t\t<\/div>\n\n\t\n<\/div>\n\t\t<\/div>\n\n\t\t\n<style>\n#section_517433627 {\n  padding-top: 60px;\n  padding-bottom: 60px;\n}\n<\/style>\n\t<\/section>\n\t\n\n\t<section class=\"section dark\" id=\"section_326389764\">\n\t\t<div class=\"section-bg fill\" >\n\t\t\t<img loading=\"lazy\" decoding=\"async\" width=\"1920\" height=\"1237\" src=\"https:\/\/www.iturbeabogados.com.ar\/web\/wp-content\/uploads\/2016\/02\/home_holding_footer.jpg\" class=\"bg attachment-original size-original\" alt=\"\" \/>\t\t\t\t\t\t\n\t\t\t\n\n\t\t<\/div>\n\n\t\t\n\n\t\t<div class=\"section-content relative\">\n\t\t\t\n\n\t<div id=\"gap-1455350185\" class=\"gap-element clearfix\" style=\"display:block; height:auto;\">\n\t\t\n<style>\n#gap-1455350185 {\n  padding-top: 60px;\n}\n<\/style>\n\t<\/div>\n\t\n\n<div class=\"row row-large\"  id=\"row-1836067341\">\n\n\n\t<div id=\"col-1613719008\" class=\"col medium-7 small-12 large-7\"  >\n\t\t\t\t<div class=\"col-inner\"  >\n\t\t\t\n\t\t\t\n\n\n<div class=\"wpcf7 no-js\" id=\"wpcf7-f9-o1\" lang=\"es-ES\" dir=\"ltr\" data-wpcf7-id=\"9\">\n<div class=\"screen-reader-response\"><p role=\"status\" aria-live=\"polite\" aria-atomic=\"true\"><\/p> <ul><\/ul><\/div>\n<form action=\"\/web\/wp-json\/wp\/v2\/pages\/85#wpcf7-f9-o1\" method=\"post\" class=\"wpcf7-form init\" aria-label=\"Formulario de contacto\" novalidate=\"novalidate\" data-status=\"init\">\n<fieldset class=\"hidden-fields-container\"><input type=\"hidden\" name=\"_wpcf7\" value=\"9\" \/><input type=\"hidden\" name=\"_wpcf7_version\" value=\"6.1.5\" \/><input type=\"hidden\" name=\"_wpcf7_locale\" value=\"es_ES\" \/><input type=\"hidden\" name=\"_wpcf7_unit_tag\" value=\"wpcf7-f9-o1\" \/><input type=\"hidden\" name=\"_wpcf7_container_post\" value=\"0\" \/><input type=\"hidden\" name=\"_wpcf7_posted_data_hash\" value=\"\" \/><input type=\"hidden\" name=\"_wpcf7_recaptcha_response\" value=\"\" \/>\n<\/fieldset>\n<h3>Env\u00edenos su consulta\n<\/h3>\n<p>Nombre (requerido)\n<\/p>\n<p><span class=\"wpcf7-form-control-wrap\" data-name=\"your-name\"><input size=\"40\" maxlength=\"400\" class=\"wpcf7-form-control wpcf7-text wpcf7-validates-as-required\" aria-required=\"true\" aria-invalid=\"false\" value=\"\" type=\"text\" name=\"your-name\" \/><\/span>\n<\/p>\n<div class=\"column mcb-column one-second column_column column-margin-\">\n\t<p>Correo electr\u00f3nico (requerido)\n\t<\/p>\n\t<p><span class=\"wpcf7-form-control-wrap\" data-name=\"your-email\"><input size=\"40\" maxlength=\"400\" class=\"wpcf7-form-control wpcf7-email wpcf7-validates-as-required wpcf7-text wpcf7-validates-as-email\" aria-required=\"true\" aria-invalid=\"false\" value=\"\" type=\"email\" name=\"your-email\" \/><\/span>\n\t<\/p>\n<\/div>\n<div class=\"column mcb-column one-second column_column column-margin-\">\n\t<p>Tel\u00e9fono\n\t<\/p>\n\t<p><span class=\"wpcf7-form-control-wrap\" data-name=\"your-tel\"><input size=\"40\" maxlength=\"400\" class=\"wpcf7-form-control wpcf7-text wpcf7-validates-as-required\" aria-required=\"true\" aria-invalid=\"false\" value=\"\" type=\"text\" name=\"your-tel\" \/><\/span>\n\t<\/p>\n<\/div>\n<p>Mensaje\n<\/p>\n<p><span class=\"wpcf7-form-control-wrap\" data-name=\"your-message\"><textarea cols=\"40\" rows=\"10\" maxlength=\"2000\" class=\"wpcf7-form-control wpcf7-textarea\" aria-invalid=\"false\" name=\"your-message\"><\/textarea><\/span>\n<\/p>\n<p><input class=\"wpcf7-form-control wpcf7-submit has-spinner\" type=\"submit\" value=\"Enviar\" \/>\n<\/p><div class=\"wpcf7-response-output\" aria-hidden=\"true\"><\/div>\n<\/form>\n<\/div>\n\n\n\n\t\t<\/div>\n\t\t\t\t\t<\/div>\n\n\t\n\n\t<div id=\"col-1144719541\" class=\"col medium-5 small-12 large-5\"  >\n\t\t\t\t<div class=\"col-inner\"  >\n\t\t\t\n\t\t\t\n\n<div class=\"container section-title-container\" ><h3 class=\"section-title section-title-normal\"><b><\/b><span class=\"section-title-main\" >Nuestras sedes<\/span><b><\/b><\/h3><\/div>\n\n<p><strong>SEDE CENTRAL CABA<br \/><\/strong>Sarmiento 747, Piso 4to.<br \/>TE 0054.11.4326-1375 \/ 6<br \/>Ciudad Aut\u00f3noma de Buenos Aires<\/p>\n<p><strong>SEDE PROVINCIA DE BUENOS AIRES<br \/><\/strong>Maip\u00fa 357<br \/>TE 0054.2395.468910<br \/>Carlos Casares, Provincia de Buenos Aires<\/p>\n<hr \/>\n<p>Tambi\u00e9n puede comunicarse por mail a:<br \/><a href=\"mailto:nc@iturbeabogados.com.ar\">nc@iturbeabogados.com.ar<\/a><\/p>\n\n\t\t<\/div>\n\t\t\t\t\t<\/div>\n\n\t\n\n<\/div>\n\n\t\t<\/div>\n\n\t\t\n<style>\n#section_326389764 {\n  padding-top: 30px;\n  padding-bottom: 30px;\n  background-color: rgb(40, 40, 40);\n}\n#section_326389764 .section-bg img {\n  object-position: 50% 50%;\n}\n<\/style>\n\t<\/section>\n\t\n","protected":false},"excerpt":{"rendered":"","protected":false},"author":1,"featured_media":0,"parent":0,"menu_order":0,"comment_status":"closed","ping_status":"closed","template":"page-transparent-header-light.php","meta":{"footnotes":""},"class_list":["post-85","page","type-page","status-publish","hentry"],"_links":{"self":[{"href":"https:\/\/www.iturbeabogados.com.ar\/web\/wp-json\/wp\/v2\/pages\/85","targetHints":{"allow":["GET"]}}],"collection":[{"href":"https:\/\/www.iturbeabogados.com.ar\/web\/wp-json\/wp\/v2\/pages"}],"about":[{"href":"https:\/\/www.iturbeabogados.com.ar\/web\/wp-json\/wp\/v2\/types\/page"}],"author":[{"embeddable":true,"href":"https:\/\/www.iturbeabogados.com.ar\/web\/wp-json\/wp\/v2\/users\/1"}],"replies":[{"embeddable":true,"href":"https:\/\/www.iturbeabogados.com.ar\/web\/wp-json\/wp\/v2\/comments?post=85"}],"version-history":[{"count":9,"href":"https:\/\/www.iturbeabogados.com.ar\/web\/wp-json\/wp\/v2\/pages\/85\/revisions"}],"predecessor-version":[{"id":325,"href":"https:\/\/www.iturbeabogados.com.ar\/web\/wp-json\/wp\/v2\/pages\/85\/revisions\/325"}],"wp:attachment":[{"href":"https:\/\/www.iturbeabogados.com.ar\/web\/wp-json\/wp\/v2\/media?parent=85"}],"curies":[{"name":"wp","href":"https:\/\/api.w.org\/{rel}","templated":true}]}}